{"id":2582,"date":"2023-04-27T12:42:21","date_gmt":"2023-04-27T10:42:21","guid":{"rendered":"https:\/\/influencom.cz\/losteria-prague\/"},"modified":"2025-01-13T09:26:28","modified_gmt":"2025-01-13T08:26:28","slug":"losteria-prague","status":"publish","type":"page","link":"https:\/\/influencom.cz\/en\/case-studies\/losteria-prague\/","title":{"rendered":"L&#8217;Osteria Prague"},"content":{"rendered":"\t\t<div data-elementor-type=\"wp-page\" data-elementor-id=\"2582\" class=\"elementor elementor-2582 elementor-1266\" data-elementor-post-type=\"page\">\n\t\t\t\t\t\t<section class=\"elementor-section elementor-top-section elementor-element elementor-element-4cb47cb9 elementor-section-height-min-height elementor-section-boxed elementor-section-height-default elementor-section-items-middle\" data-id=\"4cb47cb9\" data-element_type=\"section\" data-e-type=\"section\" data-settings=\"{&quot;jet_parallax_layout_list&quot;:[],&quot;background_background&quot;:&quot;classic&quot;}\">\n\t\t\t\t\t\t\t<div class=\"elementor-background-overlay\"><\/div>\n\t\t\t\t\t\t\t<div class=\"elementor-container elementor-column-gap-default\">\n\t\t\t\t\t<div class=\"elementor-column elementor-col-100 elementor-top-column elementor-element elementor-element-53537a95\" data-id=\"53537a95\" data-element_type=\"column\" data-e-type=\"column\">\n\t\t\t<div class=\"elementor-widget-wrap elementor-element-populated\">\n\t\t\t\t\t\t<div class=\"elementor-element elementor-element-188b763a elementor-widget elementor-widget-heading\" data-id=\"188b763a\" data-element_type=\"widget\" data-e-type=\"widget\" data-widget_type=\"heading.default\">\n\t\t\t\t<div class=\"elementor-widget-container\">\n\t\t\t\t\t<h1 class=\"elementor-heading-title elementor-size-default\">L'Osteria Czech Republic<\/h1>\t\t\t\t<\/div>\n\t\t\t\t<\/div>\n\t\t\t\t<div class=\"elementor-element elementor-element-1e1dc6d0 elementor-widget elementor-widget-text-editor\" data-id=\"1e1dc6d0\" data-element_type=\"widget\" data-e-type=\"widget\" data-widget_type=\"text-editor.default\">\n\t\t\t\t<div class=\"elementor-widget-container\">\n\t\t\t\t\t\t\t\t\t<p>How we helped a&nbsp;Prague restaurant back on its feet after the first wave of the pandemic with influencer marketing.<\/p>\n\t\t\t\t\t\t\t\t<\/div>\n\t\t\t\t<\/div>\n\t\t\t\t\t<\/div>\n\t\t<\/div>\n\t\t\t\t\t<\/div>\n\t\t<\/section>\n\t\t<div class=\"elementor-element elementor-element-b71e463 e-flex e-con-boxed e-con e-parent\" data-id=\"b71e463\" data-element_type=\"container\" data-e-type=\"container\" data-settings=\"{&quot;jet_parallax_layout_list&quot;:[]}\">\n\t\t\t\t\t<div class=\"e-con-inner\">\n\t\t\t\t<div class=\"elementor-element elementor-element-2030af91 elementor-widget elementor-widget-heading\" data-id=\"2030af91\" data-element_type=\"widget\" data-e-type=\"widget\" data-widget_type=\"heading.default\">\n\t\t\t\t<div class=\"elementor-widget-container\">\n\t\t\t\t\t<h2 class=\"elementor-heading-title elementor-size-default\">Cooperation in numbers<\/h2>\t\t\t\t<\/div>\n\t\t\t\t<\/div>\n\t\t<div class=\"elementor-element elementor-element-3d4de76f e-flex e-con-boxed e-con e-child\" data-id=\"3d4de76f\" data-element_type=\"container\" data-e-type=\"container\" data-settings=\"{&quot;jet_parallax_layout_list&quot;:[]}\">\n\t\t\t\t\t<div class=\"e-con-inner\">\n\t\t\t\t<div class=\"elementor-element elementor-element-7a27671d elementor-widget__width-initial elementor-widget elementor-widget-counter\" data-id=\"7a27671d\" data-element_type=\"widget\" data-e-type=\"widget\" data-widget_type=\"counter.default\">\n\t\t\t\t<div class=\"elementor-widget-container\">\n\t\t\t\t\t\t\t<div class=\"elementor-counter\">\n\t\t\t<div class=\"elementor-counter-title\">view influencers' posts on Instagram<\/div>\t\t\t<div class=\"elementor-counter-number-wrapper\">\n\t\t\t\t<span class=\"elementor-counter-number-prefix\"><\/span>\n\t\t\t\t<span class=\"elementor-counter-number\" data-duration=\"2000\" data-to-value=\"10000000\" data-from-value=\"0\" data-delimiter=\" \">0<\/span>\n\t\t\t\t<span class=\"elementor-counter-number-suffix\"> +<\/span>\n\t\t\t<\/div>\n\t\t<\/div>\n\t\t\t\t\t\t<\/div>\n\t\t\t\t<\/div>\n\t\t\t\t<div class=\"elementor-element elementor-element-541c1bbd elementor-widget__width-initial elementor-widget elementor-widget-counter\" data-id=\"541c1bbd\" data-element_type=\"widget\" data-e-type=\"widget\" data-widget_type=\"counter.default\">\n\t\t\t\t<div class=\"elementor-widget-container\">\n\t\t\t\t\t\t\t<div class=\"elementor-counter\">\n\t\t\t<div class=\"elementor-counter-title\">new followers on Instagram<\/div>\t\t\t<div class=\"elementor-counter-number-wrapper\">\n\t\t\t\t<span class=\"elementor-counter-number-prefix\"><\/span>\n\t\t\t\t<span class=\"elementor-counter-number\" data-duration=\"2000\" data-to-value=\"8000\" data-from-value=\"0\" data-delimiter=\" \">0<\/span>\n\t\t\t\t<span class=\"elementor-counter-number-suffix\"> +<\/span>\n\t\t\t<\/div>\n\t\t<\/div>\n\t\t\t\t\t\t<\/div>\n\t\t\t\t<\/div>\n\t\t\t\t<div class=\"elementor-element elementor-element-72914e81 elementor-widget__width-initial elementor-widget elementor-widget-counter\" data-id=\"72914e81\" data-element_type=\"widget\" data-e-type=\"widget\" data-widget_type=\"counter.default\">\n\t\t\t\t<div class=\"elementor-widget-container\">\n\t\t\t\t\t\t\t<div class=\"elementor-counter\">\n\t\t\t<div class=\"elementor-counter-title\">influencers visited L'Osteria<\/div>\t\t\t<div class=\"elementor-counter-number-wrapper\">\n\t\t\t\t<span class=\"elementor-counter-number-prefix\"><\/span>\n\t\t\t\t<span class=\"elementor-counter-number\" data-duration=\"2000\" data-to-value=\"120\" data-from-value=\"0\" data-delimiter=\",\">0<\/span>\n\t\t\t\t<span class=\"elementor-counter-number-suffix\"> +<\/span>\n\t\t\t<\/div>\n\t\t<\/div>\n\t\t\t\t\t\t<\/div>\n\t\t\t\t<\/div>\n\t\t\t\t\t<\/div>\n\t\t\t\t<\/div>\n\t\t\t\t\t<\/div>\n\t\t\t\t<\/div>\n\t\t<div class=\"elementor-element elementor-element-666fba7 e-flex e-con-boxed e-con e-parent\" data-id=\"666fba7\" data-element_type=\"container\" data-e-type=\"container\" data-settings=\"{&quot;jet_parallax_layout_list&quot;:[]}\">\n\t\t\t\t\t<div class=\"e-con-inner\">\n\t\t<div class=\"elementor-element elementor-element-e59efaf e-con-full e-flex e-con e-child\" data-id=\"e59efaf\" data-element_type=\"container\" data-e-type=\"container\" data-settings=\"{&quot;jet_parallax_layout_list&quot;:[]}\">\n\t\t\t\t<div class=\"elementor-element elementor-element-4ed16bea elementor-widget elementor-widget-image\" data-id=\"4ed16bea\" data-element_type=\"widget\" data-e-type=\"widget\" data-widget_type=\"image.default\">\n\t\t\t\t<div class=\"elementor-widget-container\">\n\t\t\t\t\t\t\t\t\t\t\t\t\t\t\t<img fetchpriority=\"high\" decoding=\"async\" width=\"800\" height=\"300\" src=\"https:\/\/influencom.cz\/wp-content\/uploads\/2023\/04\/losteria.png\" class=\"attachment-large size-large wp-image-2440\" alt=\"\" srcset=\"https:\/\/influencom.cz\/wp-content\/uploads\/2023\/04\/losteria.png 800w, https:\/\/influencom.cz\/wp-content\/uploads\/2023\/04\/losteria-300x113.png 300w, https:\/\/influencom.cz\/wp-content\/uploads\/2023\/04\/losteria-768x288.png 768w\" sizes=\"(max-width: 800px) 100vw, 800px\" \/>\t\t\t\t\t\t\t\t\t\t\t\t\t\t\t<\/div>\n\t\t\t\t<\/div>\n\t\t\t\t<\/div>\n\t\t<div class=\"elementor-element elementor-element-6784d0bd e-con-full e-flex e-con e-child\" data-id=\"6784d0bd\" data-element_type=\"container\" data-e-type=\"container\" data-settings=\"{&quot;jet_parallax_layout_list&quot;:[]}\">\n\t\t\t\t<div class=\"elementor-element elementor-element-12fd4ab5 elementor-widget elementor-widget-heading\" data-id=\"12fd4ab5\" data-element_type=\"widget\" data-e-type=\"widget\" data-widget_type=\"heading.default\">\n\t\t\t\t<div class=\"elementor-widget-container\">\n\t\t\t\t\t<h2 class=\"elementor-heading-title elementor-size-default\">About the client<\/h2>\t\t\t\t<\/div>\n\t\t\t\t<\/div>\n\t\t\t\t<div class=\"elementor-element elementor-element-458ebb6f elementor-widget-divider--view-line elementor-widget elementor-widget-divider\" data-id=\"458ebb6f\" data-element_type=\"widget\" data-e-type=\"widget\" data-widget_type=\"divider.default\">\n\t\t\t\t<div class=\"elementor-widget-container\">\n\t\t\t\t\t\t\t<div class=\"elementor-divider\">\n\t\t\t<span class=\"elementor-divider-separator\">\n\t\t\t\t\t\t<\/span>\n\t\t<\/div>\n\t\t\t\t\t\t<\/div>\n\t\t\t\t<\/div>\n\t\t\t\t<div class=\"elementor-element elementor-element-533a6499 elementor-widget elementor-widget-text-editor\" data-id=\"533a6499\" data-element_type=\"widget\" data-e-type=\"widget\" data-widget_type=\"text-editor.default\">\n\t\t\t\t<div class=\"elementor-widget-container\">\n\t\t\t\t\t\t\t\t\t<p>The Italian restaurant, which is housed in the DRN building on N\u00e1rodn\u00ed t\u0159\u00edda, was struggling to survive in the spring of 2020, like most businesses.<\/p>\n<p>After the first lockdown, our task was to make the restaurant more visible and make up for the losses as much as possible.<\/p>\n<p>Due to the situation, the client was looking for a&nbsp;cost-effective way to increase the visibility of his restaurant and bring in new customers. So we had to come up with a&nbsp;creative solution. <\/p>\t\t\t\t\t\t\t\t<\/div>\n\t\t\t\t<\/div>\n\t\t\t\t<\/div>\n\t\t\t\t\t<\/div>\n\t\t\t\t<\/div>\n\t\t<div class=\"elementor-element elementor-element-4629e57b e-flex e-con-boxed e-con e-parent\" data-id=\"4629e57b\" data-element_type=\"container\" data-e-type=\"container\" data-settings=\"{&quot;jet_parallax_layout_list&quot;:[]}\">\n\t\t\t\t\t<div class=\"e-con-inner\">\n\t\t<div class=\"elementor-element elementor-element-65b55504 e-con-full e-flex e-con e-child\" data-id=\"65b55504\" data-element_type=\"container\" data-e-type=\"container\" data-settings=\"{&quot;jet_parallax_layout_list&quot;:[]}\">\n\t\t\t\t<div class=\"elementor-element elementor-element-52b4094f elementor-widget elementor-widget-image\" data-id=\"52b4094f\" data-element_type=\"widget\" data-e-type=\"widget\" data-widget_type=\"image.default\">\n\t\t\t\t<div class=\"elementor-widget-container\">\n\t\t\t\t\t\t\t\t\t\t\t\t\t\t\t<img decoding=\"async\" width=\"178\" height=\"198\" src=\"https:\/\/influencom.cz\/wp-content\/uploads\/2023\/04\/Vrstva_1.png\" class=\"attachment-large size-large wp-image-2429\" alt=\"\" \/>\t\t\t\t\t\t\t\t\t\t\t\t\t\t\t<\/div>\n\t\t\t\t<\/div>\n\t\t\t\t<div class=\"elementor-element elementor-element-4ab6f2c8 elementor-widget elementor-widget-heading\" data-id=\"4ab6f2c8\" data-element_type=\"widget\" data-e-type=\"widget\" data-widget_type=\"heading.default\">\n\t\t\t\t<div class=\"elementor-widget-container\">\n\t\t\t\t\t<h2 class=\"elementor-heading-title elementor-size-default\">Challenges<\/h2>\t\t\t\t<\/div>\n\t\t\t\t<\/div>\n\t\t\t\t<\/div>\n\t\t<div class=\"elementor-element elementor-element-7ed83877 e-con-full e-flex e-con e-child\" data-id=\"7ed83877\" data-element_type=\"container\" data-e-type=\"container\" data-settings=\"{&quot;jet_parallax_layout_list&quot;:[]}\">\n\t\t\t\t<div class=\"elementor-element elementor-element-1990f3bc elementor-widget elementor-widget-text-editor\" data-id=\"1990f3bc\" data-element_type=\"widget\" data-e-type=\"widget\" data-widget_type=\"text-editor.default\">\n\t\t\t\t<div class=\"elementor-widget-container\">\n\t\t\t\t\t\t\t\t\t<p>1. Get the restaurant back on its feet after the first wave of the pandemic<\/p>\n\t\t\t\t\t\t\t\t<\/div>\n\t\t\t\t<\/div>\n\t\t\t\t<\/div>\n\t\t<div class=\"elementor-element elementor-element-125a376b e-con-full e-flex e-con e-child\" data-id=\"125a376b\" data-element_type=\"container\" data-e-type=\"container\" data-settings=\"{&quot;jet_parallax_layout_list&quot;:[]}\">\n\t\t\t\t<div class=\"elementor-element elementor-element-f96f7cb elementor-widget elementor-widget-text-editor\" data-id=\"f96f7cb\" data-element_type=\"widget\" data-e-type=\"widget\" data-widget_type=\"text-editor.default\">\n\t\t\t\t<div class=\"elementor-widget-container\">\n\t\t\t\t\t\t\t\t\t<p>2. Make the restaurant visible for a&nbsp;minimal budget, but with the possibility to offer unlimited restaurant vouchers.<\/p>\n\t\t\t\t\t\t\t\t<\/div>\n\t\t\t\t<\/div>\n\t\t\t\t<\/div>\n\t\t\t\t\t<\/div>\n\t\t\t\t<\/div>\n\t\t<div class=\"elementor-element elementor-element-5dfd86fb e-flex e-con-boxed e-con e-parent\" data-id=\"5dfd86fb\" data-element_type=\"container\" data-e-type=\"container\" data-settings=\"{&quot;jet_parallax_layout_list&quot;:[]}\">\n\t\t\t\t\t<div class=\"e-con-inner\">\n\t\t\t\t<div class=\"elementor-element elementor-element-62d89a06 elementor-widget elementor-widget-heading\" data-id=\"62d89a06\" data-element_type=\"widget\" data-e-type=\"widget\" data-widget_type=\"heading.default\">\n\t\t\t\t<div class=\"elementor-widget-container\">\n\t\t\t\t\t<h2 class=\"elementor-heading-title elementor-size-default\">Solution<\/h2>\t\t\t\t<\/div>\n\t\t\t\t<\/div>\n\t\t\t\t<div class=\"elementor-element elementor-element-26524a98 elementor-widget-divider--view-line elementor-widget elementor-widget-divider\" data-id=\"26524a98\" data-element_type=\"widget\" data-e-type=\"widget\" data-widget_type=\"divider.default\">\n\t\t\t\t<div class=\"elementor-widget-container\">\n\t\t\t\t\t\t\t<div class=\"elementor-divider\">\n\t\t\t<span class=\"elementor-divider-separator\">\n\t\t\t\t\t\t<\/span>\n\t\t<\/div>\n\t\t\t\t\t\t<\/div>\n\t\t\t\t<\/div>\n\t\t\t\t<div class=\"elementor-element elementor-element-29aa0828 elementor-widget elementor-widget-text-editor\" data-id=\"29aa0828\" data-element_type=\"widget\" data-e-type=\"widget\" data-widget_type=\"text-editor.default\">\n\t\t\t\t<div class=\"elementor-widget-container\">\n\t\t\t\t\t\t\t\t\t<p>We defined the best way to communicate primarily through <b>influencers<\/b>. We supported the results of the collaboration with targeted advertising to the followers of the influencers we worked with. <\/p>\n<p>During the first month, we managed to barter with <b>18 influencers<\/b> who shared over <b>80 posts and stories<\/b>, resulting in a&nbsp;reach of hundreds of thousands.<\/p>\n<p>We then used these collaborations to communicate with other influencers. Now even influencers we don&#8217;t collaborate with are adding L&#8217;Osteria posts to their stories. <\/p>\n<p>Another important step was updating and modifying the company&#8217;s&nbsp;Google My Business listing, managing Instagram and other support activities.<\/p>\n\t\t\t\t\t\t\t\t<\/div>\n\t\t\t\t<\/div>\n\t\t\t\t\t<\/div>\n\t\t\t\t<\/div>\n\t\t<div class=\"elementor-element elementor-element-158a6c71 e-flex e-con-boxed e-con e-parent\" data-id=\"158a6c71\" data-element_type=\"container\" data-e-type=\"container\" data-settings=\"{&quot;jet_parallax_layout_list&quot;:[]}\">\n\t\t\t\t\t<div class=\"e-con-inner\">\n\t\t<div class=\"elementor-element elementor-element-6b144280 e-con-full e-flex e-con e-child\" data-id=\"6b144280\" data-element_type=\"container\" data-e-type=\"container\" data-settings=\"{&quot;background_background&quot;:&quot;gradient&quot;,&quot;jet_parallax_layout_list&quot;:[]}\">\n\t\t<div class=\"elementor-element elementor-element-4a4ffb7a e-con-full e-flex e-con e-child\" data-id=\"4a4ffb7a\" data-element_type=\"container\" data-e-type=\"container\" data-settings=\"{&quot;jet_parallax_layout_list&quot;:[]}\">\n\t\t\t\t<div class=\"elementor-element elementor-element-38744ed0 elementor-widget elementor-widget-image\" data-id=\"38744ed0\" data-element_type=\"widget\" data-e-type=\"widget\" data-widget_type=\"image.default\">\n\t\t\t\t<div class=\"elementor-widget-container\">\n\t\t\t\t\t\t\t\t\t\t\t\t\t\t\t<img decoding=\"async\" width=\"184\" height=\"150\" src=\"https:\/\/influencom.cz\/wp-content\/uploads\/2023\/04\/Vrstva_1-1.png\" class=\"attachment-large size-large wp-image-2430\" alt=\"\" \/>\t\t\t\t\t\t\t\t\t\t\t\t\t\t\t<\/div>\n\t\t\t\t<\/div>\n\t\t\t\t<div class=\"elementor-element elementor-element-23f8aace elementor-widget elementor-widget-heading\" data-id=\"23f8aace\" data-element_type=\"widget\" data-e-type=\"widget\" data-widget_type=\"heading.default\">\n\t\t\t\t<div class=\"elementor-widget-container\">\n\t\t\t\t\t<h2 class=\"elementor-heading-title elementor-size-default\">Results<\/h2>\t\t\t\t<\/div>\n\t\t\t\t<\/div>\n\t\t\t\t<\/div>\n\t\t\t\t<div class=\"elementor-element elementor-element-dbe951f elementor-widget elementor-widget-text-editor\" data-id=\"dbe951f\" data-element_type=\"widget\" data-e-type=\"widget\" data-widget_type=\"text-editor.default\">\n\t\t\t\t<div class=\"elementor-widget-container\">\n\t\t\t\t\t\t\t\t\t<p>In spite of the pandemic, we increased <strong>our turnover by<\/strong> 20% in the second month compared to the same time last year.<\/p>\n<p>We observed <strong>dozens of stories from visitors<\/strong> every day. We have created a&nbsp;trending site that is popular in 2021. <\/p>\n\t\t\t\t\t\t\t\t<\/div>\n\t\t\t\t<\/div>\n\t\t\t\t<\/div>\n\t\t\t\t\t<\/div>\n\t\t\t\t<\/div>\n\t\t<div class=\"elementor-element elementor-element-100b29e0 e-flex e-con-boxed e-con e-parent\" data-id=\"100b29e0\" data-element_type=\"container\" data-e-type=\"container\" data-settings=\"{&quot;jet_parallax_layout_list&quot;:[]}\">\n\t\t\t\t\t<div class=\"e-con-inner\">\n\t\t<div class=\"elementor-element elementor-element-1a41728 e-con-full e-flex e-con e-child\" data-id=\"1a41728\" data-element_type=\"container\" data-e-type=\"container\" data-settings=\"{&quot;jet_parallax_layout_list&quot;:[]}\">\n\t\t\t\t<div class=\"elementor-element elementor-element-5a4a6cab elementor-widget elementor-widget-heading\" data-id=\"5a4a6cab\" data-element_type=\"widget\" data-e-type=\"widget\" data-widget_type=\"heading.default\">\n\t\t\t\t<div class=\"elementor-widget-container\">\n\t\t\t\t\t<h2 class=\"elementor-heading-title elementor-size-default\">How did we proceed?<\/h2>\t\t\t\t<\/div>\n\t\t\t\t<\/div>\n\t\t\t\t<div class=\"elementor-element elementor-element-48e08662 elementor-widget-divider--view-line elementor-widget elementor-widget-divider\" data-id=\"48e08662\" data-element_type=\"widget\" data-e-type=\"widget\" data-widget_type=\"divider.default\">\n\t\t\t\t<div class=\"elementor-widget-container\">\n\t\t\t\t\t\t\t<div class=\"elementor-divider\">\n\t\t\t<span class=\"elementor-divider-separator\">\n\t\t\t\t\t\t<\/span>\n\t\t<\/div>\n\t\t\t\t\t\t<\/div>\n\t\t\t\t<\/div>\n\t\t\t\t<div class=\"elementor-element elementor-element-1acef76a elementor-widget elementor-widget-text-editor\" data-id=\"1acef76a\" data-element_type=\"widget\" data-e-type=\"widget\" data-widget_type=\"text-editor.default\">\n\t\t\t\t<div class=\"elementor-widget-container\">\n\t\t\t\t\t\t\t\t\t<p><strong>Influencers<\/strong> were approached directly through L&#8217;Osteria&#8217;s&nbsp;Instagram and barter collaborations were adjusted according to the size of the particular influencer.<\/p>\n<p><strong>For micro-influencers<\/strong> (we approached influencers with 4,000+ followers) we offered a&nbsp;budget for a&nbsp;one-off spend, for the biggest ones (up to 500,000+ followers) we have been and are working on a&nbsp;regular monthly budget for restaurant spend.<\/p>\n<p>Of course, regular posting was and continues to be a&nbsp;matter of course. One of the highlights of the collaboration was the food delivery during the second wave of Covid, when some influencers joined in and delivered pizzas to customers together with our drivers. <\/p>\n<p>The DRN building includes a&nbsp;beautiful roof terrace, which we turned into a&nbsp;Prague wandering place thanks to influencers&#8217; photos.<\/p>\n\t\t\t\t\t\t\t\t<\/div>\n\t\t\t\t<\/div>\n\t\t\t\t<\/div>\n\t\t<div class=\"elementor-element elementor-element-6a008996 e-con-full e-flex e-con e-child\" data-id=\"6a008996\" data-element_type=\"container\" data-e-type=\"container\" data-settings=\"{&quot;jet_parallax_layout_list&quot;:[]}\">\n\t\t\t\t<div class=\"elementor-element elementor-element-4688e91e elementor-widget elementor-widget-image\" data-id=\"4688e91e\" data-element_type=\"widget\" data-e-type=\"widget\" data-widget_type=\"image.default\">\n\t\t\t\t<div class=\"elementor-widget-container\">\n\t\t\t\t\t\t\t\t\t\t\t\t\t\t\t<img loading=\"lazy\" decoding=\"async\" width=\"514\" height=\"800\" src=\"https:\/\/influencom.cz\/wp-content\/uploads\/2023\/04\/1576a.png\" class=\"attachment-large size-large wp-image-2441\" alt=\"\" srcset=\"https:\/\/influencom.cz\/wp-content\/uploads\/2023\/04\/1576a.png 514w, https:\/\/influencom.cz\/wp-content\/uploads\/2023\/04\/1576a-193x300.png 193w\" sizes=\"(max-width: 514px) 100vw, 514px\" \/>\t\t\t\t\t\t\t\t\t\t\t\t\t\t\t<\/div>\n\t\t\t\t<\/div>\n\t\t\t\t<\/div>\n\t\t\t\t\t<\/div>\n\t\t\t\t<\/div>\n\t\t<div class=\"elementor-element elementor-element-56f8d0f5 e-flex e-con-boxed e-con e-parent\" data-id=\"56f8d0f5\" data-element_type=\"container\" data-e-type=\"container\" data-settings=\"{&quot;jet_parallax_layout_list&quot;:[]}\">\n\t\t\t\t\t<div class=\"e-con-inner\">\n\t\t<div class=\"elementor-element elementor-element-2935b872 e-con-full e-flex e-con e-child\" data-id=\"2935b872\" data-element_type=\"container\" data-e-type=\"container\" data-settings=\"{&quot;jet_parallax_layout_list&quot;:[]}\">\n\t\t\t\t<div class=\"elementor-element elementor-element-2c8cfd2e elementor-widget elementor-widget-heading\" data-id=\"2c8cfd2e\" data-element_type=\"widget\" data-e-type=\"widget\" data-widget_type=\"heading.default\">\n\t\t\t\t<div class=\"elementor-widget-container\">\n\t\t\t\t\t<h2 class=\"elementor-heading-title elementor-size-default\">Impact<\/h2>\t\t\t\t<\/div>\n\t\t\t\t<\/div>\n\t\t\t\t<div class=\"elementor-element elementor-element-701bd768 elementor-widget-divider--view-line elementor-widget elementor-widget-divider\" data-id=\"701bd768\" data-element_type=\"widget\" data-e-type=\"widget\" data-widget_type=\"divider.default\">\n\t\t\t\t<div class=\"elementor-widget-container\">\n\t\t\t\t\t\t\t<div class=\"elementor-divider\">\n\t\t\t<span class=\"elementor-divider-separator\">\n\t\t\t\t\t\t<\/span>\n\t\t<\/div>\n\t\t\t\t\t\t<\/div>\n\t\t\t\t<\/div>\n\t\t\t\t<div class=\"elementor-element elementor-element-65b89b0c elementor-widget elementor-widget-text-editor\" data-id=\"65b89b0c\" data-element_type=\"widget\" data-e-type=\"widget\" data-widget_type=\"text-editor.default\">\n\t\t\t\t<div class=\"elementor-widget-container\">\n\t\t\t\t\t\t\t\t\t<p>During the period 7\/2020 &#8211; 10\/2020, we brought <strong>more than 5000 new followers<\/strong>, millions of views, <strong>increased sales<\/strong> and most importantly a&nbsp;very strong promotion of the brand and overall awareness of L&#8217;Osteria in the Czech Republic. We have created a&nbsp;very strong foundation for other branches of this franchise. <\/p>\n<p>In the period 11\/2020 &#8211; 3\/2021 we focused mostly on promoting L&#8217;Osterie delivery service through influencers and kept all profiles active. When the restaurants open in May 2021, L&#8217;Osteria has a&nbsp;much higher footfall than in 2020 and <strong>is breaking records in turnover<\/strong>. Based on this success, we expanded our collaboration in May 2020.  <\/p>\n\t\t\t\t\t\t\t\t<\/div>\n\t\t\t\t<\/div>\n\t\t\t\t<\/div>\n\t\t\t\t\t<\/div>\n\t\t\t\t<\/div>\n\t\t<div class=\"elementor-element elementor-element-3332ba5d e-flex e-con-boxed e-con e-parent\" data-id=\"3332ba5d\" data-element_type=\"container\" data-e-type=\"container\" data-settings=\"{&quot;jet_parallax_layout_list&quot;:[]}\">\n\t\t\t\t\t<div class=\"e-con-inner\">\n\t\t\t\t<div class=\"elementor-element elementor-element-673d7fce elementor-widget__width-initial elementor-widget elementor-widget-image\" data-id=\"673d7fce\" data-element_type=\"widget\" data-e-type=\"widget\" data-widget_type=\"image.default\">\n\t\t\t\t<div class=\"elementor-widget-container\">\n\t\t\t\t\t\t\t\t\t\t\t\t\t\t\t<img loading=\"lazy\" decoding=\"async\" width=\"680\" height=\"598\" src=\"https:\/\/influencom.cz\/wp-content\/uploads\/2023\/04\/image-16.png\" class=\"attachment-large size-large wp-image-2442\" alt=\"\" srcset=\"https:\/\/influencom.cz\/wp-content\/uploads\/2023\/04\/image-16.png 680w, https:\/\/influencom.cz\/wp-content\/uploads\/2023\/04\/image-16-300x264.png 300w\" sizes=\"(max-width: 680px) 100vw, 680px\" \/>\t\t\t\t\t\t\t\t\t\t\t\t\t\t\t<\/div>\n\t\t\t\t<\/div>\n\t\t\t\t<div class=\"elementor-element elementor-element-268f316a elementor-widget__width-initial elementor-widget elementor-widget-image\" data-id=\"268f316a\" data-element_type=\"widget\" data-e-type=\"widget\" data-widget_type=\"image.default\">\n\t\t\t\t<div class=\"elementor-widget-container\">\n\t\t\t\t\t\t\t\t\t\t\t\t\t\t\t<img loading=\"lazy\" decoding=\"async\" width=\"588\" height=\"598\" src=\"https:\/\/influencom.cz\/wp-content\/uploads\/2023\/04\/image-15.png\" class=\"attachment-large size-large wp-image-2443\" alt=\"\" srcset=\"https:\/\/influencom.cz\/wp-content\/uploads\/2023\/04\/image-15.png 588w, https:\/\/influencom.cz\/wp-content\/uploads\/2023\/04\/image-15-295x300.png 295w\" sizes=\"(max-width: 588px) 100vw, 588px\" \/>\t\t\t\t\t\t\t\t\t\t\t\t\t\t\t<\/div>\n\t\t\t\t<\/div>\n\t\t\t\t<div class=\"elementor-element elementor-element-37583c1e elementor-widget__width-initial elementor-widget elementor-widget-image\" data-id=\"37583c1e\" data-element_type=\"widget\" data-e-type=\"widget\" data-widget_type=\"image.default\">\n\t\t\t\t<div class=\"elementor-widget-container\">\n\t\t\t\t\t\t\t\t\t\t\t\t\t\t\t<img loading=\"lazy\" decoding=\"async\" width=\"644\" height=\"598\" src=\"https:\/\/influencom.cz\/wp-content\/uploads\/2023\/04\/image-17.png\" class=\"attachment-large size-large wp-image-2444\" alt=\"\" srcset=\"https:\/\/influencom.cz\/wp-content\/uploads\/2023\/04\/image-17.png 644w, https:\/\/influencom.cz\/wp-content\/uploads\/2023\/04\/image-17-300x279.png 300w\" sizes=\"(max-width: 644px) 100vw, 644px\" \/>\t\t\t\t\t\t\t\t\t\t\t\t\t\t\t<\/div>\n\t\t\t\t<\/div>\n\t\t\t\t\t<\/div>\n\t\t\t\t<\/div>\n\t\t\t\t<\/div>\n\t\t","protected":false},"excerpt":{"rendered":"<p>L&#8217;Osteria Czech Republic How we helped a&nbsp;Prague restaurant back on its feet after the first wave of the pandemic with influencer marketing. Cooperation in numbers 0 + view influencers&#8217; posts on Instagram 0 + new followers on Instagram 0 + influencers visited L&#8217;Osteria About the client The Italian restaurant, which is housed in the DRN [&hellip;]<\/p>\n","protected":false},"author":1,"featured_media":2473,"parent":2590,"menu_order":0,"comment_status":"closed","ping_status":"closed","template":"","meta":{"footnotes":""},"class_list":["post-2582","page","type-page","status-publish","has-post-thumbnail","hentry"],"_links":{"self":[{"href":"https:\/\/influencom.cz\/en\/wp-json\/wp\/v2\/pages\/2582","targetHints":{"allow":["GET"]}}],"collection":[{"href":"https:\/\/influencom.cz\/en\/wp-json\/wp\/v2\/pages"}],"about":[{"href":"https:\/\/influencom.cz\/en\/wp-json\/wp\/v2\/types\/page"}],"author":[{"embeddable":true,"href":"https:\/\/influencom.cz\/en\/wp-json\/wp\/v2\/users\/1"}],"replies":[{"embeddable":true,"href":"https:\/\/influencom.cz\/en\/wp-json\/wp\/v2\/comments?post=2582"}],"version-history":[{"count":0,"href":"https:\/\/influencom.cz\/en\/wp-json\/wp\/v2\/pages\/2582\/revisions"}],"up":[{"embeddable":true,"href":"https:\/\/influencom.cz\/en\/wp-json\/wp\/v2\/pages\/2590"}],"wp:featuredmedia":[{"embeddable":true,"href":"https:\/\/influencom.cz\/en\/wp-json\/wp\/v2\/media\/2473"}],"wp:attachment":[{"href":"https:\/\/influencom.cz\/en\/wp-json\/wp\/v2\/media?parent=2582"}],"curies":[{"name":"wp","href":"https:\/\/api.w.org\/{rel}","templated":true}]}}